{"id":12858,"date":"2020-02-10T11:12:43","date_gmt":"2020-02-10T11:12:43","guid":{"rendered":"https:\/\/moveupfashion.cz\/?post_type=product&#038;p=12858"},"modified":"2021-05-15T12:44:42","modified_gmt":"2021-05-15T10:44:42","slug":"d-msk-ko-enkov-kabelka-ledvinka-ern-3","status":"publish","type":"product","link":"https:\/\/moveupfashion.cz\/?product=d-msk-ko-enkov-kabelka-ledvinka-ern-3","title":{"rendered":"D\u00c1MSK\u00c1 KO\u017dENKOV\u00c1 KABELKA \/ LEDVINKA (\u010cERN\u00c1)"},"content":{"rendered":"<div>\n<div>\n<div>M\u00f3dn\u00ed a origin\u00e1ln\u00ed st\u0159\u00edh.<\/div>\n<div>Ide\u00e1ln\u00ed pro ka\u017edou p\u0159\u00edle\u017eitost.<\/div>\n<\/div>\n<div>Modern\u00ed d\u00e1msk\u00e1 kabelka hezk\u00e9 dopln\u00ed V\u00e1\u0161 outfit<\/div>\n<\/div>\n<div>Materi\u00e1l: ko\u017eenka<\/div>\n<div>\n<div>Rozm\u011bry: 28x16x7 cm<\/div>\n<div><\/div>\n<\/div>\n","protected":false},"excerpt":{"rendered":"<div id=\"short_description_block\">\n<div id=\"short_description_content\" class=\"rte align_justify\">\n<p>Elegantn\u00ed d\u00e1msk\u00e1 kabelka z ko\u017eenky\u00a0p\u0159es rameno nebo do ruky.<\/p>\n<\/div>\n<\/div>\n","protected":false},"featured_media":12859,"comment_status":"open","ping_status":"closed","template":"","meta":[],"product_cat":[66,213,216,70],"product_tag":[],"_links":{"self":[{"href":"https:\/\/moveupfashion.cz\/index.php?rest_route=\/wp\/v2\/product\/12858"}],"collection":[{"href":"https:\/\/moveupfashion.cz\/index.php?rest_route=\/wp\/v2\/product"}],"about":[{"href":"https:\/\/moveupfashion.cz\/index.php?rest_route=\/wp\/v2\/types\/product"}],"replies":[{"embeddable":true,"href":"https:\/\/moveupfashion.cz\/index.php?rest_route=%2Fwp%2Fv2%2Fcomments&post=12858"}],"wp:featuredmedia":[{"embeddable":true,"href":"https:\/\/moveupfashion.cz\/index.php?rest_route=\/wp\/v2\/media\/12859"}],"wp:attachment":[{"href":"https:\/\/moveupfashion.cz\/index.php?rest_route=%2Fwp%2Fv2%2Fmedia&parent=12858"}],"wp:term":[{"taxonomy":"product_cat","embeddable":true,"href":"https:\/\/moveupfashion.cz\/index.php?rest_route=%2Fwp%2Fv2%2Fproduct_cat&post=12858"},{"taxonomy":"product_tag","embeddable":true,"href":"https:\/\/moveupfashion.cz\/index.php?rest_route=%2Fwp%2Fv2%2Fproduct_tag&post=12858"}],"curies":[{"name":"wp","href":"https:\/\/api.w.org\/{rel}","templated":true}]}}