{"id":12317,"date":"2020-01-09T19:16:27","date_gmt":"2020-01-09T19:16:27","guid":{"rendered":"https:\/\/moveupfashion.cz\/?post_type=product&#038;p=12317"},"modified":"2021-05-15T12:44:54","modified_gmt":"2021-05-15T10:44:54","slug":"d-msk-ko-e-inov-la-andex","status":"publish","type":"product","link":"https:\/\/moveupfashion.cz\/?product=d-msk-ko-e-inov-la-andex","title":{"rendered":"D\u00c1MSK\u00c1 KO\u017dE\u0160INOV\u00c1 \u0160\u00c1LA &#8222;ANDEX&#8220;"},"content":{"rendered":"<p>\u0160ala je lehk\u00e1 a kr\u00e1sn\u011b ozdob\u00ed \u0161aty, svetr, kab\u00e1t.\u00a0Kr\u00e1sn\u00e9, hebou\u010dk\u00e9 a h\u0159ejiv\u00e9 boa &#8211; origin\u00e1ln\u00ed dopln\u011bk k jak\u00e9mukoliv oble\u010den\u00ed.<\/p>\n<p>100% nez\u00e1vadn\u00e1 a kvalitn\u00ed ko\u017ee\u0161ina<br \/>\n100% \u010desk\u00fd produkt<br \/>\n100% ru\u010dn\u00ed pr\u00e1ce<\/p>\n<p>Ko\u017ee\u0161inu skladovat v prody\u0161n\u00e9m l\u00e1tkov\u00e9m obalu nebo v pap\u00edrov\u00e9 krabici.<\/p>\n<p>Ko\u017ee\u0161inov\u00e9\u00a0v\u00fdrobky se nesm\u011bj\u00ed pr\u00e1t.<\/p>\n<p>V p\u0159\u00edpad\u011b, \u017ee V\u00e1m byla ko\u017ee\u0161ina zasl\u00e1na z\u00e1silkovou slu\u017ebou, m\u016f\u017ee b\u00fdt trochu poma\u010dkan\u00e1. Proto tento v\u00fdrobek opatrn\u011b vyjm\u011bte z obalu, prot\u0159epte a rozlo\u017een\u00fd v\u00fdrobek nechte 24 hod. narovnat. To plat\u00ed zejm\u00e9na pro ko\u017ee\u0161iny s dlouh\u00fdm vlasem (m\u00fdvalovec, li\u0161ka).<\/p>\n","protected":false},"excerpt":{"rendered":"<p>D\u00e1msk\u00e1 ko\u017ee\u0161inov\u00e1 \u0161\u00e1la.<\/p>\n","protected":false},"featured_media":12319,"comment_status":"open","ping_status":"closed","template":"","meta":[],"product_cat":[68,77],"product_tag":[],"_links":{"self":[{"href":"https:\/\/moveupfashion.cz\/index.php?rest_route=\/wp\/v2\/product\/12317"}],"collection":[{"href":"https:\/\/moveupfashion.cz\/index.php?rest_route=\/wp\/v2\/product"}],"about":[{"href":"https:\/\/moveupfashion.cz\/index.php?rest_route=\/wp\/v2\/types\/product"}],"replies":[{"embeddable":true,"href":"https:\/\/moveupfashion.cz\/index.php?rest_route=%2Fwp%2Fv2%2Fcomments&post=12317"}],"wp:featuredmedia":[{"embeddable":true,"href":"https:\/\/moveupfashion.cz\/index.php?rest_route=\/wp\/v2\/media\/12319"}],"wp:attachment":[{"href":"https:\/\/moveupfashion.cz\/index.php?rest_route=%2Fwp%2Fv2%2Fmedia&parent=12317"}],"wp:term":[{"taxonomy":"product_cat","embeddable":true,"href":"https:\/\/moveupfashion.cz\/index.php?rest_route=%2Fwp%2Fv2%2Fproduct_cat&post=12317"},{"taxonomy":"product_tag","embeddable":true,"href":"https:\/\/moveupfashion.cz\/index.php?rest_route=%2Fwp%2Fv2%2Fproduct_tag&post=12317"}],"curies":[{"name":"wp","href":"https:\/\/api.w.org\/{rel}","templated":true}]}}