{"id":12287,"date":"2020-01-09T18:48:26","date_gmt":"2020-01-09T18:48:26","guid":{"rendered":"https:\/\/moveupfashion.cz\/?post_type=product&#038;p=12287"},"modified":"2021-05-15T12:44:57","modified_gmt":"2021-05-15T10:44:57","slug":"ko-e-inov-l-mec-m-val-finsk-andex-6","status":"publish","type":"product","link":"https:\/\/moveupfashion.cz\/?product=ko-e-inov-l-mec-m-val-finsk-andex-6","title":{"rendered":"KO\u017dE\u0160INOV\u00dd L\u00cdMEC M\u00ddVAL FINSK\u00dd &#8222;ANDEX&#8220;"},"content":{"rendered":"<p>L\u00edme\u010dek je lehk\u00fd a kr\u00e1sn\u011b ozdob\u00ed \u0161aty, svetr, kab\u00e1t. L\u00edmec se vep\u0159edu na konc\u00edch spojuje pomoc\u00ed ozdobn\u00e9ho v\u00e1z\u00e1n\u00ed.<\/p>\n<p>Pod\u0161\u00edvka\u00a0vnit\u0159n\u00ed obvod &#8211; 90cm<\/p>\n<p>vn\u011bj\u0161\u00ed obvod &#8211; 100cm<\/p>\n<p>100% nez\u00e1vadn\u00e1 a kvalitn\u00ed ko\u017ee\u0161ina<br \/>\n100% \u010desk\u00fd produkt<br \/>\n100% ru\u010dn\u00ed pr\u00e1ce<\/p>\n<p>Ko\u017ee\u0161inu skladovat v prody\u0161n\u00e9m l\u00e1tkov\u00e9m obalu nebo v pap\u00edrov\u00e9 krabici.<\/p>\n<p>Ko\u017ee\u0161inov\u00e9v\u00fdrobky se nesm\u011bj\u00ed pr\u00e1t.<\/p>\n<p>V p\u0159\u00edpad\u011b, \u017ee V\u00e1m byla ko\u017ee\u0161ina zasl\u00e1na z\u00e1silkovou slu\u017ebou, m\u016f\u017ee b\u00fdt trochu poma\u010dkan\u00e1. Proto tento v\u00fdrobek opatrn\u011b vyjm\u011bte z obalu, prot\u0159epte a rozlo\u017een\u00fd v\u00fdrobek nechte 24 hod. narovnat. To plat\u00ed zejm\u00e9na pro ko\u017ee\u0161iny s dlouh\u00fdm vlasem (m\u00fdvalovec, li\u0161ka).<\/p>\n","protected":false},"excerpt":{"rendered":"<p>D\u00e1msk\u00fd ko\u017ee\u0161inov\u00fd l\u00edmec z finsk\u00e9ho m\u00edvala.<\/p>\n","protected":false},"featured_media":12289,"comment_status":"open","ping_status":"closed","template":"","meta":[],"product_cat":[69,83],"product_tag":[],"_links":{"self":[{"href":"https:\/\/moveupfashion.cz\/index.php?rest_route=\/wp\/v2\/product\/12287"}],"collection":[{"href":"https:\/\/moveupfashion.cz\/index.php?rest_route=\/wp\/v2\/product"}],"about":[{"href":"https:\/\/moveupfashion.cz\/index.php?rest_route=\/wp\/v2\/types\/product"}],"replies":[{"embeddable":true,"href":"https:\/\/moveupfashion.cz\/index.php?rest_route=%2Fwp%2Fv2%2Fcomments&post=12287"}],"wp:featuredmedia":[{"embeddable":true,"href":"https:\/\/moveupfashion.cz\/index.php?rest_route=\/wp\/v2\/media\/12289"}],"wp:attachment":[{"href":"https:\/\/moveupfashion.cz\/index.php?rest_route=%2Fwp%2Fv2%2Fmedia&parent=12287"}],"wp:term":[{"taxonomy":"product_cat","embeddable":true,"href":"https:\/\/moveupfashion.cz\/index.php?rest_route=%2Fwp%2Fv2%2Fproduct_cat&post=12287"},{"taxonomy":"product_tag","embeddable":true,"href":"https:\/\/moveupfashion.cz\/index.php?rest_route=%2Fwp%2Fv2%2Fproduct_tag&post=12287"}],"curies":[{"name":"wp","href":"https:\/\/api.w.org\/{rel}","templated":true}]}}