{"id":11374,"date":"2019-10-13T00:21:22","date_gmt":"2019-10-13T00:21:22","guid":{"rendered":"https:\/\/moveupfashion.cz\/?post_type=product&#038;p=11374"},"modified":"2022-12-07T12:21:21","modified_gmt":"2022-12-07T11:21:21","slug":"ko-e-inov-sada-z-m-vala-andex-7","status":"publish","type":"product","link":"https:\/\/moveupfashion.cz\/?product=ko-e-inov-sada-z-m-vala-andex-7","title":{"rendered":"KO\u017dE\u0160INOV\u00c1 SADA Z M\u00cdVALA &#8222;ANDEX&#8220;"},"content":{"rendered":"<p>Velikosti univerz\u00e1ln\u00ed.<\/p>\n<p>Lem<\/p>\n<p>Pod\u0161\u00edvka vnit\u0159n\u00ed obvod &#8211; 72cm<\/p>\n<p>vn\u011bj\u0161\u00ed obvod &#8211; 80 cm<\/p>\n<p>vn\u011bj\u0161\u00ed \u0161\u00ed\u0159ka\u00a0&#8211; 10-12 cm<\/p>\n<p>N\u00e1vleky<\/p>\n<p>Pod\u0161\u00edvka vnit\u0159n\u00ed obvod &#8211; 31cm<\/p>\n<p>vn\u011bj\u0161\u00ed \u0161\u00ed\u0159ka\u00a0&#8211; 15 cm<\/p>\n<p>D\u00e1\u00a0se\u00a0objednat\u00a0jak\u00e9koliv\u00a0v\u00fdrobek\u00a0z\u00a0jak\u00e9koliv\u00a0ko\u017ee\u0161iny\u00a0a\u00a0barvy\u00a0z\u00a0na\u0161e\u00a0n\u00e1bytky.<\/p>\n<p>100% nez\u00e1vadn\u00e1 a kvalitn\u00ed ko\u017ee\u0161ina<br \/>\n100% \u010desk\u00fd produkt<br \/>\n100% ru\u010dn\u00ed pr\u00e1ce<\/p>\n<p>Ko\u017ee\u0161inu skladovat v prody\u0161n\u00e9m l\u00e1tkov\u00e9m obalu nebo v pap\u00edrov\u00e9 krabici.<\/p>\n<p>Ko\u017ee\u0161inov\u00e9\u00a0v\u00fdrobky se nesm\u011bj\u00ed pr\u00e1t.<\/p>\n<p>BUDE V\u00c1M ZASL\u00c1NA KONKR\u00c9TN\u00cd\u00a0SADA Z FOTOGRAFIE!<\/p>\n<p>V p\u0159\u00edpad\u011b, \u017ee V\u00e1m byla ko\u017ee\u0161ina zasl\u00e1na z\u00e1silkovou slu\u017ebou, m\u016f\u017ee b\u00fdt trochu poma\u010dkan\u00e1. Proto tento v\u00fdrobek opatrn\u011b vyjm\u011bte z obalu, prot\u0159epte a rozlo\u017een\u00fd v\u00fdrobek nechte 24 hod. narovnat. To plat\u00ed zejm\u00e9na pro ko\u017ee\u0161iny s dlouh\u00fdm vlasem (m\u00fdvalovec, li\u0161ka).<\/p>\n","protected":false},"excerpt":{"rendered":"<p>Komplekt z pr\u00e1v\u00e9 ko\u017ee\u0161iny. Ko\u017ee\u0161inov\u00fd lem\u00a0z finsk\u00e9ho m\u00fdvala a n\u00e1vleky.<\/p>\n","protected":false},"featured_media":11376,"comment_status":"open","ping_status":"closed","template":"","meta":[],"product_cat":[68,80],"product_tag":[],"_links":{"self":[{"href":"https:\/\/moveupfashion.cz\/index.php?rest_route=\/wp\/v2\/product\/11374"}],"collection":[{"href":"https:\/\/moveupfashion.cz\/index.php?rest_route=\/wp\/v2\/product"}],"about":[{"href":"https:\/\/moveupfashion.cz\/index.php?rest_route=\/wp\/v2\/types\/product"}],"replies":[{"embeddable":true,"href":"https:\/\/moveupfashion.cz\/index.php?rest_route=%2Fwp%2Fv2%2Fcomments&post=11374"}],"wp:featuredmedia":[{"embeddable":true,"href":"https:\/\/moveupfashion.cz\/index.php?rest_route=\/wp\/v2\/media\/11376"}],"wp:attachment":[{"href":"https:\/\/moveupfashion.cz\/index.php?rest_route=%2Fwp%2Fv2%2Fmedia&parent=11374"}],"wp:term":[{"taxonomy":"product_cat","embeddable":true,"href":"https:\/\/moveupfashion.cz\/index.php?rest_route=%2Fwp%2Fv2%2Fproduct_cat&post=11374"},{"taxonomy":"product_tag","embeddable":true,"href":"https:\/\/moveupfashion.cz\/index.php?rest_route=%2Fwp%2Fv2%2Fproduct_tag&post=11374"}],"curies":[{"name":"wp","href":"https:\/\/api.w.org\/{rel}","templated":true}]}}