{"id":11274,"date":"2019-10-12T23:40:24","date_gmt":"2019-10-12T23:40:24","guid":{"rendered":"https:\/\/moveupfashion.cz\/?post_type=product&#038;p=11274"},"modified":"2021-05-15T12:45:23","modified_gmt":"2021-05-15T10:45:23","slug":"ko-e-inov-epice-pol-rn-li-ka-andex-5","status":"publish","type":"product","link":"https:\/\/moveupfashion.cz\/?product=ko-e-inov-epice-pol-rn-li-ka-andex-5","title":{"rendered":"KO\u017dE\u0160INOV\u00c1 \u010cEPICE POL\u00c1RN\u00cd LI\u0160KA &#8222;ANDEX&#8220;"},"content":{"rendered":"<p>D\u00e1msk\u00e1\u00a0ko\u017ee\u0161inov\u00e1\u00a0\u010depice. Velmi p\u0159\u00edjemn\u00e1 a nekousav\u00e1.<\/p>\n<p>100% nez\u00e1vadn\u00e1 a kvalitn\u00ed ko\u017ee\u0161ina<br \/>\n100% \u010desk\u00fd produkt<br \/>\n100% ru\u010dn\u00ed pr\u00e1ce<\/p>\n<p>Ko\u017ee\u0161inu skladovat v prody\u0161n\u00e9m l\u00e1tkov\u00e9m obalu nebo v pap\u00edrov\u00e9 krabici.<\/p>\n<p>Ko\u017ee\u0161inov\u00e9\u00a0v\u00fdrobky se nesm\u011bj\u00ed pr\u00e1t.<\/p>\n<p>BUDE V\u00c1M ZASL\u00c1NA KONKR\u00c9TN\u00cd \u010cEPICE Z FOTOGRAFIE!<\/p>\n<p>V p\u0159\u00edpad\u011b, \u017ee V\u00e1m byla ko\u017ee\u0161ina zasl\u00e1na z\u00e1silkovou slu\u017ebou, m\u016f\u017ee b\u00fdt trochu poma\u010dkan\u00e1. Proto tento v\u00fdrobek opatrn\u011b vyjm\u011bte z obalu, prot\u0159epte a rozlo\u017een\u00fd v\u00fdrobek nechte 24 hod. narovnat. To plat\u00ed zejm\u00e9na pro ko\u017ee\u0161iny s dlouh\u00fdm vlasem (m\u00fdvalovec, li\u0161ka).<\/p>\n","protected":false},"excerpt":{"rendered":"<p>D\u00e1msk\u00e1\u00a0ko\u017ee\u0161inov\u00e1\u00a0\u010depice.<\/p>\n","protected":false},"featured_media":11276,"comment_status":"open","ping_status":"closed","template":"","meta":[],"product_cat":[68,78],"product_tag":[],"_links":{"self":[{"href":"https:\/\/moveupfashion.cz\/index.php?rest_route=\/wp\/v2\/product\/11274"}],"collection":[{"href":"https:\/\/moveupfashion.cz\/index.php?rest_route=\/wp\/v2\/product"}],"about":[{"href":"https:\/\/moveupfashion.cz\/index.php?rest_route=\/wp\/v2\/types\/product"}],"replies":[{"embeddable":true,"href":"https:\/\/moveupfashion.cz\/index.php?rest_route=%2Fwp%2Fv2%2Fcomments&post=11274"}],"wp:featuredmedia":[{"embeddable":true,"href":"https:\/\/moveupfashion.cz\/index.php?rest_route=\/wp\/v2\/media\/11276"}],"wp:attachment":[{"href":"https:\/\/moveupfashion.cz\/index.php?rest_route=%2Fwp%2Fv2%2Fmedia&parent=11274"}],"wp:term":[{"taxonomy":"product_cat","embeddable":true,"href":"https:\/\/moveupfashion.cz\/index.php?rest_route=%2Fwp%2Fv2%2Fproduct_cat&post=11274"},{"taxonomy":"product_tag","embeddable":true,"href":"https:\/\/moveupfashion.cz\/index.php?rest_route=%2Fwp%2Fv2%2Fproduct_tag&post=11274"}],"curies":[{"name":"wp","href":"https:\/\/api.w.org\/{rel}","templated":true}]}}