{"id":11232,"date":"2019-09-22T10:21:43","date_gmt":"2019-09-22T10:21:43","guid":{"rendered":"https:\/\/moveupfashion.cz\/?post_type=product&#038;p=11232"},"modified":"2021-05-15T12:45:25","modified_gmt":"2021-05-15T10:45:25","slug":"d-msk-pleten-epice-ern","status":"publish","type":"product","link":"https:\/\/moveupfashion.cz\/?product=d-msk-pleten-epice-ern","title":{"rendered":"D\u00c1MSK\u00c1 PLETEN\u00c1 \u010cEPICE, \u010cERN\u00c1"},"content":{"rendered":"","protected":false},"excerpt":{"rendered":"<p>D\u00e1msk\u00e1 pleten\u00e1 \u010depice. Velmi p\u0159\u00edjemn\u00e1 a nekousav\u00e1.<\/p>\n<p>Velikost univerz\u00e1ln\u00ed.<\/p>\n","protected":false},"featured_media":11234,"comment_status":"open","ping_status":"closed","template":"","meta":[],"product_cat":[70,220],"product_tag":[],"_links":{"self":[{"href":"https:\/\/moveupfashion.cz\/index.php?rest_route=\/wp\/v2\/product\/11232"}],"collection":[{"href":"https:\/\/moveupfashion.cz\/index.php?rest_route=\/wp\/v2\/product"}],"about":[{"href":"https:\/\/moveupfashion.cz\/index.php?rest_route=\/wp\/v2\/types\/product"}],"replies":[{"embeddable":true,"href":"https:\/\/moveupfashion.cz\/index.php?rest_route=%2Fwp%2Fv2%2Fcomments&post=11232"}],"wp:featuredmedia":[{"embeddable":true,"href":"https:\/\/moveupfashion.cz\/index.php?rest_route=\/wp\/v2\/media\/11234"}],"wp:attachment":[{"href":"https:\/\/moveupfashion.cz\/index.php?rest_route=%2Fwp%2Fv2%2Fmedia&parent=11232"}],"wp:term":[{"taxonomy":"product_cat","embeddable":true,"href":"https:\/\/moveupfashion.cz\/index.php?rest_route=%2Fwp%2Fv2%2Fproduct_cat&post=11232"},{"taxonomy":"product_tag","embeddable":true,"href":"https:\/\/moveupfashion.cz\/index.php?rest_route=%2Fwp%2Fv2%2Fproduct_tag&post=11232"}],"curies":[{"name":"wp","href":"https:\/\/api.w.org\/{rel}","templated":true}]}}